{"id":4804,"date":"2023-10-27T09:24:24","date_gmt":"2023-10-27T09:24:24","guid":{"rendered":"https:\/\/castillodejijona.com\/product\/nuevo-producto\/"},"modified":"2023-10-27T09:31:00","modified_gmt":"2023-10-27T09:31:00","slug":"nuevo-producto-ingles","status":"publish","type":"product","link":"https:\/\/castillodejijona.com\/en\/product\/nuevo-producto-ingles\/","title":{"rendered":"Nuevo producto ingl\u00e9s"},"content":{"rendered":"\t\t<div data-elementor-type=\"wp-post\" data-elementor-id=\"4804\" class=\"elementor elementor-4804\">\n\t\t\t\t\t\t\t\t\t<section class=\"elementor-section elementor-top-section elementor-element elementor-element-0ad2f75 texto_producto elementor-section-boxed elementor-section-height-default elementor-section-height-default parallax_section_no qode_elementor_container_no\" data-id=\"0ad2f75\" data-element_type=\"section\">\n\t\t\t\t\t\t<div class=\"elementor-container elementor-column-gap-default\">\n\t\t\t\t\t<div class=\"elementor-column elementor-col-100 elementor-top-column elementor-element elementor-element-98e8027\" data-id=\"98e8027\" data-element_type=\"column\">\n\t\t\t<div class=\"elementor-widget-wrap elementor-element-populated\">\n\t\t\t\t\t\t\t\t<div class=\"elementor-element elementor-element-a5edddd elementor-widget elementor-widget-text-editor\" data-id=\"a5edddd\" data-element_type=\"widget\" data-widget_type=\"text-editor.default\">\n\t\t\t\t<div class=\"elementor-widget-container\">\n\t\t\t<style>\/*! elementor - v3.14.0 - 26-06-2023 *\/\n.elementor-widget-text-editor.elementor-drop-cap-view-stacked .elementor-drop-cap{background-color:#69727d;color:#fff}.elementor-widget-text-editor.elementor-drop-cap-view-framed .elementor-drop-cap{color:#69727d;border:3px solid;background-color:transparent}.elementor-widget-text-editor:not(.elementor-drop-cap-view-default) .elementor-drop-cap{margin-top:8px}.elementor-widget-text-editor:not(.elementor-drop-cap-view-default) .elementor-drop-cap-letter{width:1em;height:1em}.elementor-widget-text-editor .elementor-drop-cap{float:left;text-align:center;line-height:1;font-size:50px}.elementor-widget-text-editor .elementor-drop-cap-letter{display:inline-block}<\/style>\t\t\t\t<h3>Informaci\u00f3n log\u00edstica:<\/h3><p>asdfasdf ingl\u00e9s<\/p><h3>Informaci\u00f3n adicional sobre el Turr\u00f3n de Jijona<\/h3><ul><li>asdfasdfas<\/li><\/ul><h3>* Al\u00e9rgenos:<\/h3><p>asdgfaasdf<\/p><h3>Sellos de calidad<\/h3>\t\t\t\t\t\t<\/div>\n\t\t\t\t<\/div>\n\t\t\t\t\t<\/div>\n\t\t<\/div>\n\t\t\t\t\t\t\t<\/div>\n\t\t<\/section>\n\t\t\t\t<section class=\"elementor-section elementor-top-section elementor-element elementor-element-d8cf409 elementor-section-boxed elementor-section-height-default elementor-section-height-default parallax_section_no qode_elementor_container_no\" data-id=\"d8cf409\" data-element_type=\"section\">\n\t\t\t\t\t\t<div class=\"elementor-container elementor-column-gap-default\">\n\t\t\t\t\t<div class=\"elementor-column elementor-col-33 elementor-top-column elementor-element elementor-element-f76fada\" data-id=\"f76fada\" data-element_type=\"column\">\n\t\t\t<div class=\"elementor-widget-wrap elementor-element-populated\">\n\t\t\t\t\t\t\t\t<div class=\"elementor-element elementor-element-504a1c9 elementor-widget elementor-widget-image\" data-id=\"504a1c9\" data-element_type=\"widget\" data-widget_type=\"image.default\">\n\t\t\t\t<div class=\"elementor-widget-container\">\n\t\t\t<style>\/*! elementor - v3.14.0 - 26-06-2023 *\/\n.elementor-widget-image{text-align:center}.elementor-widget-image a{display:inline-block}.elementor-widget-image a img[src$=\".svg\"]{width:48px}.elementor-widget-image img{vertical-align:middle;display:inline-block}<\/style>\t\t\t\t\t\t\t\t\t\t\t\t<img loading=\"lazy\" decoding=\"async\" width=\"2000\" height=\"2000\" src=\"https:\/\/castillodejijona.com\/wp-content\/uploads\/2023\/06\/12.png\" class=\"attachment-full size-full wp-image-4587\" alt=\"\" srcset=\"https:\/\/castillodejijona.com\/wp-content\/uploads\/2023\/06\/12.png 2000w, https:\/\/castillodejijona.com\/wp-content\/uploads\/2023\/06\/12-300x300.png 300w, https:\/\/castillodejijona.com\/wp-content\/uploads\/2023\/06\/12-100x100.png 100w, https:\/\/castillodejijona.com\/wp-content\/uploads\/2023\/06\/12-600x600.png 600w, https:\/\/castillodejijona.com\/wp-content\/uploads\/2023\/06\/12-1024x1024.png 1024w, https:\/\/castillodejijona.com\/wp-content\/uploads\/2023\/06\/12-150x150.png 150w, https:\/\/castillodejijona.com\/wp-content\/uploads\/2023\/06\/12-768x768.png 768w, https:\/\/castillodejijona.com\/wp-content\/uploads\/2023\/06\/12-1536x1536.png 1536w, https:\/\/castillodejijona.com\/wp-content\/uploads\/2023\/06\/12-570x570.png 570w, https:\/\/castillodejijona.com\/wp-content\/uploads\/2023\/06\/12-500x500.png 500w, https:\/\/castillodejijona.com\/wp-content\/uploads\/2023\/06\/12-1000x1000.png 1000w, https:\/\/castillodejijona.com\/wp-content\/uploads\/2023\/06\/12-700x700.png 700w, https:\/\/castillodejijona.com\/wp-content\/uploads\/2023\/06\/12-650x650.png 650w, https:\/\/castillodejijona.com\/wp-content\/uploads\/2023\/06\/12-1300x1300.png 1300w\" sizes=\"auto, (max-width: 2000px) 100vw, 2000px\" \/>\t\t\t\t\t\t\t\t\t\t\t\t\t\t\t<\/div>\n\t\t\t\t<\/div>\n\t\t\t\t\t<\/div>\n\t\t<\/div>\n\t\t\t\t<div class=\"elementor-column elementor-col-66 elementor-top-column elementor-element elementor-element-2bf6bd3\" data-id=\"2bf6bd3\" data-element_type=\"column\">\n\t\t\t<div class=\"elementor-widget-wrap elementor-element-populated\">\n\t\t\t\t\t\t\t\t<div class=\"elementor-element elementor-element-6817c3b elementor-widget elementor-widget-text-editor\" data-id=\"6817c3b\" data-element_type=\"widget\" data-widget_type=\"text-editor.default\">\n\t\t\t\t<div class=\"elementor-widget-container\">\n\t\t\t\t\t\t\t<p>asdfadsfasd ingl\u00e9s<\/p>\t\t\t\t\t\t<\/div>\n\t\t\t\t<\/div>\n\t\t\t\t\t<\/div>\n\t\t<\/div>\n\t\t\t\t\t\t\t<\/div>\n\t\t<\/section>\n\t\t\t\t<section class=\"elementor-section elementor-top-section elementor-element elementor-element-ddb8851 elementor-section-boxed elementor-section-height-default elementor-section-height-default parallax_section_no qode_elementor_container_no\" data-id=\"ddb8851\" data-element_type=\"section\">\n\t\t\t\t\t\t<div class=\"elementor-container elementor-column-gap-default\">\n\t\t\t\t\t<div class=\"elementor-column elementor-col-33 elementor-top-column elementor-element elementor-element-a2e781e\" data-id=\"a2e781e\" data-element_type=\"column\">\n\t\t\t<div class=\"elementor-widget-wrap elementor-element-populated\">\n\t\t\t\t\t\t\t\t<div class=\"elementor-element elementor-element-7f9ea40 elementor-widget elementor-widget-image\" data-id=\"7f9ea40\" data-element_type=\"widget\" data-widget_type=\"image.default\">\n\t\t\t\t<div class=\"elementor-widget-container\">\n\t\t\t\t\t\t\t\t\t\t\t\t\t\t\t<img loading=\"lazy\" decoding=\"async\" width=\"600\" height=\"600\" src=\"https:\/\/castillodejijona.com\/wp-content\/uploads\/2022\/11\/jijona-castillo-de-jijona.png\" class=\"attachment-full size-full wp-image-4034\" alt=\"\" srcset=\"https:\/\/castillodejijona.com\/wp-content\/uploads\/2022\/11\/jijona-castillo-de-jijona.png 600w, https:\/\/castillodejijona.com\/wp-content\/uploads\/2022\/11\/jijona-castillo-de-jijona-300x300.png 300w, https:\/\/castillodejijona.com\/wp-content\/uploads\/2022\/11\/jijona-castillo-de-jijona-100x100.png 100w, https:\/\/castillodejijona.com\/wp-content\/uploads\/2022\/11\/jijona-castillo-de-jijona-150x150.png 150w, https:\/\/castillodejijona.com\/wp-content\/uploads\/2022\/11\/jijona-castillo-de-jijona-570x570.png 570w, https:\/\/castillodejijona.com\/wp-content\/uploads\/2022\/11\/jijona-castillo-de-jijona-500x500.png 500w\" sizes=\"auto, (max-width: 600px) 100vw, 600px\" \/>\t\t\t\t\t\t\t\t\t\t\t\t\t\t\t<\/div>\n\t\t\t\t<\/div>\n\t\t\t\t\t<\/div>\n\t\t<\/div>\n\t\t\t\t<div class=\"elementor-column elementor-col-66 elementor-top-column elementor-element elementor-element-211a73f\" data-id=\"211a73f\" data-element_type=\"column\">\n\t\t\t<div class=\"elementor-widget-wrap elementor-element-populated\">\n\t\t\t\t\t\t\t\t<div class=\"elementor-element elementor-element-b557bdd elementor-widget elementor-widget-text-editor\" data-id=\"b557bdd\" data-element_type=\"widget\" data-widget_type=\"text-editor.default\">\n\t\t\t\t<div class=\"elementor-widget-container\">\n\t\t\t\t\t\t\t<p>Consejo Regulador de las Indicaciones Geogr\u00e1ficas Protegidas \u2018Jijona\u2019 y \u2018Turr\u00f3n de Alicante\u2019<\/p>\t\t\t\t\t\t<\/div>\n\t\t\t\t<\/div>\n\t\t\t\t\t<\/div>\n\t\t<\/div>\n\t\t\t\t\t\t\t<\/div>\n\t\t<\/section>\n\t\t\t\t<section class=\"elementor-section elementor-top-section elementor-element elementor-element-ff8a5c8 elementor-section-boxed elementor-section-height-default elementor-section-height-default parallax_section_no qode_elementor_container_no\" data-id=\"ff8a5c8\" data-element_type=\"section\">\n\t\t\t\t\t\t<div class=\"elementor-container elementor-column-gap-default\">\n\t\t\t\t\t<div class=\"elementor-column elementor-col-33 elementor-top-column elementor-element elementor-element-1bad5ce\" data-id=\"1bad5ce\" data-element_type=\"column\">\n\t\t\t<div class=\"elementor-widget-wrap elementor-element-populated\">\n\t\t\t\t\t\t\t\t<div class=\"elementor-element elementor-element-0bf68dd elementor-widget elementor-widget-image\" data-id=\"0bf68dd\" data-element_type=\"widget\" data-widget_type=\"image.default\">\n\t\t\t\t<div class=\"elementor-widget-container\">\n\t\t\t\t\t\t\t\t\t\t\t\t\t\t\t<img loading=\"lazy\" decoding=\"async\" width=\"600\" height=\"600\" src=\"https:\/\/castillodejijona.com\/wp-content\/uploads\/2022\/11\/protegida-castillo-de-jijona.png\" class=\"attachment-full size-full wp-image-4038\" alt=\"\" srcset=\"https:\/\/castillodejijona.com\/wp-content\/uploads\/2022\/11\/protegida-castillo-de-jijona.png 600w, https:\/\/castillodejijona.com\/wp-content\/uploads\/2022\/11\/protegida-castillo-de-jijona-300x300.png 300w, https:\/\/castillodejijona.com\/wp-content\/uploads\/2022\/11\/protegida-castillo-de-jijona-100x100.png 100w, https:\/\/castillodejijona.com\/wp-content\/uploads\/2022\/11\/protegida-castillo-de-jijona-150x150.png 150w, https:\/\/castillodejijona.com\/wp-content\/uploads\/2022\/11\/protegida-castillo-de-jijona-570x570.png 570w, https:\/\/castillodejijona.com\/wp-content\/uploads\/2022\/11\/protegida-castillo-de-jijona-500x500.png 500w\" sizes=\"auto, (max-width: 600px) 100vw, 600px\" \/>\t\t\t\t\t\t\t\t\t\t\t\t\t\t\t<\/div>\n\t\t\t\t<\/div>\n\t\t\t\t\t<\/div>\n\t\t<\/div>\n\t\t\t\t<div class=\"elementor-column elementor-col-66 elementor-top-column elementor-element elementor-element-a7e3e36\" data-id=\"a7e3e36\" data-element_type=\"column\">\n\t\t\t<div class=\"elementor-widget-wrap elementor-element-populated\">\n\t\t\t\t\t\t\t\t<div class=\"elementor-element elementor-element-4d4125c elementor-widget elementor-widget-text-editor\" data-id=\"4d4125c\" data-element_type=\"widget\" data-widget_type=\"text-editor.default\">\n\t\t\t\t<div class=\"elementor-widget-container\">\n\t\t\t\t\t\t\t<p>Indicador de calidad en la Uni\u00f3n Europea que identifica el origen geogr\u00e1fico, la calidad y la reputaci\u00f3n de determinados productos alimentarios.<\/p>\t\t\t\t\t\t<\/div>\n\t\t\t\t<\/div>\n\t\t\t\t\t<\/div>\n\t\t<\/div>\n\t\t\t\t\t\t\t<\/div>\n\t\t<\/section>\n\t\t\t\t<section class=\"elementor-section elementor-top-section elementor-element elementor-element-fceddf3 elementor-section-boxed elementor-section-height-default elementor-section-height-default parallax_section_no qode_elementor_container_no\" data-id=\"fceddf3\" data-element_type=\"section\">\n\t\t\t\t\t\t<div class=\"elementor-container elementor-column-gap-default\">\n\t\t\t\t\t<div class=\"elementor-column elementor-col-100 elementor-top-column elementor-element elementor-element-8a5b7b4\" data-id=\"8a5b7b4\" data-element_type=\"column\">\n\t\t\t<div class=\"elementor-widget-wrap elementor-element-populated\">\n\t\t\t\t\t\t\t\t<div class=\"elementor-element elementor-element-62309ee elementor-widget elementor-widget-toggle\" data-id=\"62309ee\" data-element_type=\"widget\" data-widget_type=\"toggle.default\">\n\t\t\t\t<div class=\"elementor-widget-container\">\n\t\t\t<style>\/*! elementor - v3.14.0 - 26-06-2023 *\/\n.elementor-toggle{text-align:left}.elementor-toggle .elementor-tab-title{font-weight:700;line-height:1;margin:0;padding:15px;border-bottom:1px solid #d5d8dc;cursor:pointer;outline:none}.elementor-toggle .elementor-tab-title .elementor-toggle-icon{display:inline-block;width:1em}.elementor-toggle .elementor-tab-title .elementor-toggle-icon svg{-webkit-margin-start:-5px;margin-inline-start:-5px;width:1em;height:1em}.elementor-toggle .elementor-tab-title .elementor-toggle-icon.elementor-toggle-icon-right{float:right;text-align:right}.elementor-toggle .elementor-tab-title .elementor-toggle-icon.elementor-toggle-icon-left{float:left;text-align:left}.elementor-toggle .elementor-tab-title .elementor-toggle-icon .elementor-toggle-icon-closed{display:block}.elementor-toggle .elementor-tab-title .elementor-toggle-icon .elementor-toggle-icon-opened{display:none}.elementor-toggle .elementor-tab-title.elementor-active{border-bottom:none}.elementor-toggle .elementor-tab-title.elementor-active .elementor-toggle-icon-closed{display:none}.elementor-toggle .elementor-tab-title.elementor-active .elementor-toggle-icon-opened{display:block}.elementor-toggle .elementor-tab-content{padding:15px;border-bottom:1px solid #d5d8dc;display:none}@media (max-width:767px){.elementor-toggle .elementor-tab-title{padding:12px}.elementor-toggle .elementor-tab-content{padding:12px 10px}}.e-con-inner>.elementor-widget-toggle,.e-con>.elementor-widget-toggle{width:var(--container-widget-width);--flex-grow:var(--container-widget-flex-grow)}<\/style>\t\t<div class=\"elementor-toggle\">\n\t\t\t\t\t\t\t<div class=\"elementor-toggle-item\">\n\t\t\t\t\t<div id=\"elementor-tab-title-1021\" class=\"elementor-tab-title\" data-tab=\"1\" role=\"button\" aria-controls=\"elementor-tab-content-1021\" aria-expanded=\"false\">\n\t\t\t\t\t\t\t\t\t\t\t\t<span class=\"elementor-toggle-icon elementor-toggle-icon-left\" aria-hidden=\"true\">\n\t\t\t\t\t\t\t\t\t\t\t\t\t\t\t<span class=\"elementor-toggle-icon-closed\"><i class=\"fas fa-caret-right\"><\/i><\/span>\n\t\t\t\t\t\t\t\t<span class=\"elementor-toggle-icon-opened\"><i class=\"elementor-toggle-icon-opened fas fa-caret-up\"><\/i><\/span>\n\t\t\t\t\t\t\t\t\t\t\t\t\t<\/span>\n\t\t\t\t\t\t\t\t\t\t\t\t<a class=\"elementor-toggle-title\" tabindex=\"0\">asdfdasfdas ingl\u00e9s<\/a>\n\t\t\t\t\t<\/div>\n\n\t\t\t\t\t<div id=\"elementor-tab-content-1021\" class=\"elementor-tab-content elementor-clearfix\" data-tab=\"1\" role=\"region\" aria-labelledby=\"elementor-tab-title-1021\"><p>asdfadsfdsafasd ingl\u00e9s<\/p><\/div>\n\t\t\t\t<\/div>\n\t\t\t\t\t\t\t\t<\/div>\n\t\t\t\t<\/div>\n\t\t\t\t<\/div>\n\t\t\t\t\t<\/div>\n\t\t<\/div>\n\t\t\t\t\t\t\t<\/div>\n\t\t<\/section>\n\t\t\t\t\t\t\t<\/div>\n\t\t","protected":false},"excerpt":{"rendered":"<h2>Descripci\u00f3n<\/h2>\n<p>asdfasdfasfas ingl\u00e9s<\/p>\n<h2>Peso del producto:<\/h2>\n<p>123213 ingl\u00e9s<\/p>\n<p><a href=\"\/solicitar-informacion\/\" target=\"_blank\" rel=\"noopener\">Solicitar informaci\u00f3n<\/a><\/p>\n","protected":false},"featured_media":4248,"template":"","meta":[],"product_cat":[32],"product_tag":[],"class_list":["post-4804","product","type-product","status-publish","has-post-thumbnail","hentry","product_cat-sin-categorizar"],"yoast_head":"<!-- This site is optimized with the Yoast SEO plugin v20.10 - https:\/\/yoast.com\/wordpress\/plugins\/seo\/ -->\n<title>Nuevo producto ingl\u00e9s - Castillo de Jijona<\/title>\n<meta name=\"robots\" content=\"index, follow, max-snippet:-1, max-image-preview:large, max-video-preview:-1\" \/>\n<link rel=\"canonical\" href=\"https:\/\/castillodejijona.com\/en\/product\/nuevo-producto-ingles\/\" \/>\n<meta property=\"og:locale\" content=\"en_US\" \/>\n<meta property=\"og:type\" content=\"article\" \/>\n<meta property=\"og:title\" content=\"Nuevo producto ingl\u00e9s - Castillo de Jijona\" \/>\n<meta property=\"og:description\" content=\"Descripci\u00f3n asdfasdfasfas ingl\u00e9s Peso del producto: 123213 ingl\u00e9s  Solicitar informaci\u00f3n\" \/>\n<meta property=\"og:url\" content=\"https:\/\/castillodejijona.com\/en\/product\/nuevo-producto-ingles\/\" \/>\n<meta property=\"og:site_name\" content=\"Castillo de Jijona\" \/>\n<meta property=\"article:modified_time\" content=\"2023-10-27T09:31:00+00:00\" \/>\n<meta property=\"og:image\" content=\"https:\/\/castillodejijona.com\/wp-content\/uploads\/2022\/11\/turrones-Castillo-de-Jijona-01.jpg\" \/>\n\t<meta property=\"og:image:width\" content=\"1920\" \/>\n\t<meta property=\"og:image:height\" content=\"1271\" \/>\n\t<meta property=\"og:image:type\" content=\"image\/jpeg\" \/>\n<meta name=\"twitter:card\" content=\"summary_large_image\" \/>\n<meta name=\"twitter:label1\" content=\"Est. reading time\" \/>\n\t<meta name=\"twitter:data1\" content=\"1 minute\" \/>\n<script type=\"application\/ld+json\" class=\"yoast-schema-graph\">{\"@context\":\"https:\/\/schema.org\",\"@graph\":[{\"@type\":\"WebPage\",\"@id\":\"https:\/\/castillodejijona.com\/en\/product\/nuevo-producto-ingles\/\",\"url\":\"https:\/\/castillodejijona.com\/en\/product\/nuevo-producto-ingles\/\",\"name\":\"Nuevo producto ingl\u00e9s - Castillo de Jijona\",\"isPartOf\":{\"@id\":\"https:\/\/castillodejijona.com\/#website\"},\"datePublished\":\"2023-10-27T09:24:24+00:00\",\"dateModified\":\"2023-10-27T09:31:00+00:00\",\"breadcrumb\":{\"@id\":\"https:\/\/castillodejijona.com\/en\/product\/nuevo-producto-ingles\/#breadcrumb\"},\"inLanguage\":\"en-US\",\"potentialAction\":[{\"@type\":\"ReadAction\",\"target\":[\"https:\/\/castillodejijona.com\/en\/product\/nuevo-producto-ingles\/\"]}]},{\"@type\":\"BreadcrumbList\",\"@id\":\"https:\/\/castillodejijona.com\/en\/product\/nuevo-producto-ingles\/#breadcrumb\",\"itemListElement\":[{\"@type\":\"ListItem\",\"position\":1,\"name\":\"Tienda\",\"item\":\"https:\/\/castillodejijona.com\/tienda\/\"},{\"@type\":\"ListItem\",\"position\":2,\"name\":\"Nuevo producto ingl\u00e9s\"}]},{\"@type\":\"WebSite\",\"@id\":\"https:\/\/castillodejijona.com\/#website\",\"url\":\"https:\/\/castillodejijona.com\/\",\"name\":\"Castillo de Jijona\",\"description\":\"\",\"publisher\":{\"@id\":\"https:\/\/castillodejijona.com\/#organization\"},\"potentialAction\":[{\"@type\":\"SearchAction\",\"target\":{\"@type\":\"EntryPoint\",\"urlTemplate\":\"https:\/\/castillodejijona.com\/?s={search_term_string}\"},\"query-input\":\"required name=search_term_string\"}],\"inLanguage\":\"en-US\"},{\"@type\":\"Organization\",\"@id\":\"https:\/\/castillodejijona.com\/#organization\",\"name\":\"Castillo de Jijona\",\"url\":\"https:\/\/castillodejijona.com\/\",\"logo\":{\"@type\":\"ImageObject\",\"inLanguage\":\"en-US\",\"@id\":\"https:\/\/castillodejijona.com\/#\/schema\/logo\/image\/\",\"url\":\"https:\/\/castillodejijona.com\/wp-content\/uploads\/2022\/10\/logo-CASTILLO-jijona.png\",\"contentUrl\":\"https:\/\/castillodejijona.com\/wp-content\/uploads\/2022\/10\/logo-CASTILLO-jijona.png\",\"width\":300,\"height\":300,\"caption\":\"Castillo de Jijona\"},\"image\":{\"@id\":\"https:\/\/castillodejijona.com\/#\/schema\/logo\/image\/\"}}]}<\/script>\n<!-- \/ Yoast SEO plugin. -->","yoast_head_json":{"title":"Nuevo producto ingl\u00e9s - Castillo de Jijona","robots":{"index":"index","follow":"follow","max-snippet":"max-snippet:-1","max-image-preview":"max-image-preview:large","max-video-preview":"max-video-preview:-1"},"canonical":"https:\/\/castillodejijona.com\/en\/product\/nuevo-producto-ingles\/","og_locale":"en_US","og_type":"article","og_title":"Nuevo producto ingl\u00e9s - Castillo de Jijona","og_description":"Descripci\u00f3n asdfasdfasfas ingl\u00e9s Peso del producto: 123213 ingl\u00e9s  Solicitar informaci\u00f3n","og_url":"https:\/\/castillodejijona.com\/en\/product\/nuevo-producto-ingles\/","og_site_name":"Castillo de Jijona","article_modified_time":"2023-10-27T09:31:00+00:00","og_image":[{"width":1920,"height":1271,"url":"https:\/\/castillodejijona.com\/wp-content\/uploads\/2022\/11\/turrones-Castillo-de-Jijona-01.jpg","type":"image\/jpeg"}],"twitter_card":"summary_large_image","twitter_misc":{"Est. reading time":"1 minute"},"schema":{"@context":"https:\/\/schema.org","@graph":[{"@type":"WebPage","@id":"https:\/\/castillodejijona.com\/en\/product\/nuevo-producto-ingles\/","url":"https:\/\/castillodejijona.com\/en\/product\/nuevo-producto-ingles\/","name":"Nuevo producto ingl\u00e9s - Castillo de Jijona","isPartOf":{"@id":"https:\/\/castillodejijona.com\/#website"},"datePublished":"2023-10-27T09:24:24+00:00","dateModified":"2023-10-27T09:31:00+00:00","breadcrumb":{"@id":"https:\/\/castillodejijona.com\/en\/product\/nuevo-producto-ingles\/#breadcrumb"},"inLanguage":"en-US","potentialAction":[{"@type":"ReadAction","target":["https:\/\/castillodejijona.com\/en\/product\/nuevo-producto-ingles\/"]}]},{"@type":"BreadcrumbList","@id":"https:\/\/castillodejijona.com\/en\/product\/nuevo-producto-ingles\/#breadcrumb","itemListElement":[{"@type":"ListItem","position":1,"name":"Tienda","item":"https:\/\/castillodejijona.com\/tienda\/"},{"@type":"ListItem","position":2,"name":"Nuevo producto ingl\u00e9s"}]},{"@type":"WebSite","@id":"https:\/\/castillodejijona.com\/#website","url":"https:\/\/castillodejijona.com\/","name":"Castillo de Jijona","description":"","publisher":{"@id":"https:\/\/castillodejijona.com\/#organization"},"potentialAction":[{"@type":"SearchAction","target":{"@type":"EntryPoint","urlTemplate":"https:\/\/castillodejijona.com\/?s={search_term_string}"},"query-input":"required name=search_term_string"}],"inLanguage":"en-US"},{"@type":"Organization","@id":"https:\/\/castillodejijona.com\/#organization","name":"Castillo de Jijona","url":"https:\/\/castillodejijona.com\/","logo":{"@type":"ImageObject","inLanguage":"en-US","@id":"https:\/\/castillodejijona.com\/#\/schema\/logo\/image\/","url":"https:\/\/castillodejijona.com\/wp-content\/uploads\/2022\/10\/logo-CASTILLO-jijona.png","contentUrl":"https:\/\/castillodejijona.com\/wp-content\/uploads\/2022\/10\/logo-CASTILLO-jijona.png","width":300,"height":300,"caption":"Castillo de Jijona"},"image":{"@id":"https:\/\/castillodejijona.com\/#\/schema\/logo\/image\/"}}]}},"_links":{"self":[{"href":"https:\/\/castillodejijona.com\/en\/wp-json\/wp\/v2\/product\/4804","targetHints":{"allow":["GET"]}}],"collection":[{"href":"https:\/\/castillodejijona.com\/en\/wp-json\/wp\/v2\/product"}],"about":[{"href":"https:\/\/castillodejijona.com\/en\/wp-json\/wp\/v2\/types\/product"}],"version-history":[{"count":4,"href":"https:\/\/castillodejijona.com\/en\/wp-json\/wp\/v2\/product\/4804\/revisions"}],"predecessor-version":[{"id":4808,"href":"https:\/\/castillodejijona.com\/en\/wp-json\/wp\/v2\/product\/4804\/revisions\/4808"}],"wp:featuredmedia":[{"embeddable":true,"href":"https:\/\/castillodejijona.com\/en\/wp-json\/wp\/v2\/media\/4248"}],"wp:attachment":[{"href":"https:\/\/castillodejijona.com\/en\/wp-json\/wp\/v2\/media?parent=4804"}],"wp:term":[{"taxonomy":"product_cat","embeddable":true,"href":"https:\/\/castillodejijona.com\/en\/wp-json\/wp\/v2\/product_cat?post=4804"},{"taxonomy":"product_tag","embeddable":true,"href":"https:\/\/castillodejijona.com\/en\/wp-json\/wp\/v2\/product_tag?post=4804"}],"curies":[{"name":"wp","href":"https:\/\/api.w.org\/{rel}","templated":true}]}}